{"id":9,"date":"2023-10-02T09:21:32","date_gmt":"2023-10-02T16:21:32","guid":{"rendered":"https:\/\/d8b4bfe2db.nxcli.io\/?page_id=9"},"modified":"2024-12-30T21:38:40","modified_gmt":"2024-12-31T05:38:40","slug":"our-team","status":"publish","type":"page","link":"https:\/\/zarragalaw.com\/es\/our-team\/","title":{"rendered":"Our Team"},"content":{"rendered":"<div data-elementor-type=\"wp-page\" data-elementor-id=\"9\" class=\"elementor elementor-9\" data-elementor-post-type=\"page\">\n\t\t\t\t<div class=\"elementor-element elementor-element-15b4b2b e-flex e-con-boxed e-con e-parent\" data-id=\"15b4b2b\" data-element_type=\"container\" data-e-type=\"container\">\n\t\t\t\t\t<div class=\"e-con-inner\">\n\t\t<div class=\"elementor-element elementor-element-2fd1386 e-con-full e-flex e-con e-child\" data-id=\"2fd1386\" data-element_type=\"container\" data-e-type=\"container\">\n\t\t\t\t<div class=\"elementor-element elementor-element-cb28ec7 elementor-widget elementor-widget-text-editor\" data-id=\"cb28ec7\" data-element_type=\"widget\" data-e-type=\"widget\" data-widget_type=\"text-editor.default\">\n\t\t\t\t<div class=\"elementor-widget-container\">\n\t\t\t\t\t\t\t\t\t<p>La oficina de la Abogada Magnolia Z\u00e1rraga fue fundada en el a\u00f1o 2008 con la misi\u00f3n de ayudar a la comunidad ofreciendo servicios legales de inmigraci\u00f3n de calidad.<\/p><p>Nuestro equipo profesional est\u00e1 capacitado para ayudarle en cualquier asunto de inmigraci\u00f3n. Todo el personal es biling\u00fce, hablamos ingl\u00e9s y espa\u00f1ol con flu\u00eddez. Trabajamos con la meta de ayudar a nuestros clientes y mantenerlos informados acerca de su caso.<\/p><p>Diariamente familias entran por las puertas de nuestra oficina para recibir asesor\u00eda legal de la Abogada Magnolia Z\u00e1rraga. La mayor\u00eda llegan a nuestra oficina a trav\u00e9s de referencias de amistades o familiares, esto demuestra la satisfacci\u00f3n con el servicio que se les brind\u00f3 y la confianza de nuestros clientes en la capacidad de nuestro equipo legal.<\/p><p>Le invitamos a comunicarse con nuestra oficina y hacer una cita para hablar con la Abogada Magnolia Z\u00e1rraga para saber que opciones tiene para legalizar.<\/p>\t\t\t\t\t\t\t\t<\/div>\n\t\t\t\t<\/div>\n\t\t\t\t<\/div>\n\t\t<div class=\"elementor-element elementor-element-0c9894c e-con-full e-flex e-con e-child\" data-id=\"0c9894c\" data-element_type=\"container\" data-e-type=\"container\">\n\t\t\t\t<div class=\"elementor-element elementor-element-f34aff8 elementor-widget elementor-widget-image\" data-id=\"f34aff8\" data-element_type=\"widget\" data-e-type=\"widget\" data-widget_type=\"image.default\">\n\t\t\t\t<div class=\"elementor-widget-container\">\n\t\t\t\t\t\t\t\t\t\t\t\t\t\t\t<img fetchpriority=\"high\" decoding=\"async\" width=\"480\" height=\"480\" src=\"https:\/\/zarragalaw.com\/wp-content\/uploads\/2023\/10\/profile_magnolia_zarraga.jpg\" class=\"attachment-full size-full wp-image-146\" alt=\"Magnolia Z\u00e1rraga\" srcset=\"https:\/\/zarragalaw.com\/wp-content\/uploads\/2023\/10\/profile_magnolia_zarraga.jpg 480w, https:\/\/zarragalaw.com\/wp-content\/uploads\/2023\/10\/profile_magnolia_zarraga-300x300.jpg 300w, https:\/\/zarragalaw.com\/wp-content\/uploads\/2023\/10\/profile_magnolia_zarraga-150x150.jpg 150w\" sizes=\"(max-width: 480px) 100vw, 480px\" \/>\t\t\t\t\t\t\t\t\t\t\t\t\t\t\t<\/div>\n\t\t\t\t<\/div>\n\t\t\t\t<\/div>\n\t\t\t\t\t<\/div>\n\t\t\t\t<\/div>\n\t\t<div class=\"elementor-element elementor-element-778c4be e-flex e-con-boxed e-con e-parent\" data-id=\"778c4be\" data-element_type=\"container\" data-e-type=\"container\" data-settings=\"{&quot;background_background&quot;:&quot;classic&quot;}\">\n\t\t\t\t\t<div class=\"e-con-inner\">\n\t\t<div class=\"elementor-element elementor-element-c9ac851 e-con-full e-flex e-con e-child\" data-id=\"c9ac851\" data-element_type=\"container\" data-e-type=\"container\" data-settings=\"{&quot;background_background&quot;:&quot;classic&quot;}\">\n\t\t<div class=\"elementor-element elementor-element-4881eb0 e-con-full e-flex e-con e-child\" data-id=\"4881eb0\" data-element_type=\"container\" data-e-type=\"container\">\n\t\t\t\t<div class=\"elementor-element elementor-element-91d9720 elementor-widget elementor-widget-image\" data-id=\"91d9720\" data-element_type=\"widget\" data-e-type=\"widget\" data-widget_type=\"image.default\">\n\t\t\t\t<div class=\"elementor-widget-container\">\n\t\t\t\t\t\t\t\t\t\t\t\t\t\t\t<img decoding=\"async\" width=\"172\" height=\"173\" src=\"https:\/\/zarragalaw.com\/wp-content\/uploads\/2023\/10\/20190203-000115.jpg\" class=\"attachment-full size-full wp-image-194\" alt=\"\" srcset=\"https:\/\/zarragalaw.com\/wp-content\/uploads\/2023\/10\/20190203-000115.jpg 172w, https:\/\/zarragalaw.com\/wp-content\/uploads\/2023\/10\/20190203-000115-150x150.jpg 150w\" sizes=\"(max-width: 172px) 100vw, 172px\" \/>\t\t\t\t\t\t\t\t\t\t\t\t\t\t\t<\/div>\n\t\t\t\t<\/div>\n\t\t\t\t<\/div>\n\t\t<div class=\"elementor-element elementor-element-a7ca6bf e-con-full e-flex e-con e-child\" data-id=\"a7ca6bf\" data-element_type=\"container\" data-e-type=\"container\">\n\t\t\t\t<div class=\"elementor-element elementor-element-6f7396d elementor-widget elementor-widget-heading\" data-id=\"6f7396d\" data-element_type=\"widget\" data-e-type=\"widget\" data-widget_type=\"heading.default\">\n\t\t\t\t<div class=\"elementor-widget-container\">\n\t\t\t\t\t<h3 class=\"elementor-heading-title elementor-size-default\">Carlos\n<\/h3>\t\t\t\t<\/div>\n\t\t\t\t<\/div>\n\t\t\t\t<div class=\"elementor-element elementor-element-23cade5 elementor-widget elementor-widget-heading\" data-id=\"23cade5\" data-element_type=\"widget\" data-e-type=\"widget\" data-widget_type=\"heading.default\">\n\t\t\t\t<div class=\"elementor-widget-container\">\n\t\t\t\t\t<h3 class=\"elementor-heading-title elementor-size-medium\">Office Assistant \/ Asistente de Oficina\n<\/h3>\t\t\t\t<\/div>\n\t\t\t\t<\/div>\n\t\t\t\t<div class=\"elementor-element elementor-element-cc95a75 elementor-widget elementor-widget-text-editor\" data-id=\"cc95a75\" data-element_type=\"widget\" data-e-type=\"widget\" data-widget_type=\"text-editor.default\">\n\t\t\t\t<div class=\"elementor-widget-container\">\n\t\t\t\t\t\t\t\t\t<p>Carlos comenz\u00f3 a trabajar en la oficina en 2017.<\/p><p>Carlos lleg\u00f3 a Estados Unidos con solo una caja de carton como su maleta. Carlos trabaj\u00f3 en la cosecha del apio por tanto tiempo que hasta la fecha no soporta ni el olor del apio. Carlos sab\u00eda que la \u00fanica manera de salir del trabajo de campo era con la educaci\u00f3n. Con mucho sacrificio y esfuerzo Carlos aprendi\u00f3 ingl\u00e9s y ahora es ciudadano Americano.<\/p><p>Despues de aprender ingl\u00e9s pudo dejar el trabajo del campo. Carlos empez\u00f3 a trabajar para una compa\u00f1ia de tiendas. A\u00f1os despues Carlos logr\u00f3 hacerse due\u00f1o de su propia tienda en Salinas. Despues de 20 a\u00f1os como comerciante Carlos decidi\u00f3 vender su tienda y ahora trabaja en la oficina de su hija, la abogada Magnolia Z\u00e1rraga.<\/p><p>Carlos maneja la secci\u00f3n financiera de la oficina y se encarga del correo, rastrear paquetes, FBI y FOIAs, abrir casos nuevos, y cerrar casos conclu\u00eddos. Carlos es el Chef del almuerzo de la oficina, porque a diario comparte deliciosos platillos que prepara sin receta pero con mucho sazon.\u00a0<\/p>\t\t\t\t\t\t\t\t<\/div>\n\t\t\t\t<\/div>\n\t\t\t\t<\/div>\n\t\t\t\t<\/div>\n\t\t<div class=\"elementor-element elementor-element-f861e98 e-con-full e-flex e-con e-child\" data-id=\"f861e98\" data-element_type=\"container\" data-e-type=\"container\" data-settings=\"{&quot;background_background&quot;:&quot;classic&quot;}\">\n\t\t<div class=\"elementor-element elementor-element-ab1bd1f e-con-full e-flex e-con e-child\" data-id=\"ab1bd1f\" data-element_type=\"container\" data-e-type=\"container\">\n\t\t\t\t<div class=\"elementor-element elementor-element-4b39f36 elementor-widget elementor-widget-image\" data-id=\"4b39f36\" data-element_type=\"widget\" data-e-type=\"widget\" data-widget_type=\"image.default\">\n\t\t\t\t<div class=\"elementor-widget-container\">\n\t\t\t\t\t\t\t\t\t\t\t\t\t\t\t<img decoding=\"async\" width=\"176\" height=\"176\" src=\"https:\/\/zarragalaw.com\/wp-content\/uploads\/2023\/10\/mz2-photo.jpg\" class=\"attachment-full size-full wp-image-193\" alt=\"\" srcset=\"https:\/\/zarragalaw.com\/wp-content\/uploads\/2023\/10\/mz2-photo.jpg 176w, https:\/\/zarragalaw.com\/wp-content\/uploads\/2023\/10\/mz2-photo-150x150.jpg 150w\" sizes=\"(max-width: 176px) 100vw, 176px\" \/>\t\t\t\t\t\t\t\t\t\t\t\t\t\t\t<\/div>\n\t\t\t\t<\/div>\n\t\t\t\t<\/div>\n\t\t<div class=\"elementor-element elementor-element-77a7e04 e-con-full e-flex e-con e-child\" data-id=\"77a7e04\" data-element_type=\"container\" data-e-type=\"container\">\n\t\t\t\t<div class=\"elementor-element elementor-element-dcbb6c0 elementor-widget elementor-widget-heading\" data-id=\"dcbb6c0\" data-element_type=\"widget\" data-e-type=\"widget\" data-widget_type=\"heading.default\">\n\t\t\t\t<div class=\"elementor-widget-container\">\n\t\t\t\t\t<h3 class=\"elementor-heading-title elementor-size-default\">Margarita<\/h3>\t\t\t\t<\/div>\n\t\t\t\t<\/div>\n\t\t\t\t<div class=\"elementor-element elementor-element-a0dfca1 elementor-widget elementor-widget-heading\" data-id=\"a0dfca1\" data-element_type=\"widget\" data-e-type=\"widget\" data-widget_type=\"heading.default\">\n\t\t\t\t<div class=\"elementor-widget-container\">\n\t\t\t\t\t<h3 class=\"elementor-heading-title elementor-size-medium\">Office Manager \/ \nGerente de Oficina\n<\/h3>\t\t\t\t<\/div>\n\t\t\t\t<\/div>\n\t\t\t\t<div class=\"elementor-element elementor-element-682a022 elementor-widget elementor-widget-text-editor\" data-id=\"682a022\" data-element_type=\"widget\" data-e-type=\"widget\" data-widget_type=\"text-editor.default\">\n\t\t\t\t<div class=\"elementor-widget-container\">\n\t\t\t\t\t\t\t\t\t<p>Margarita comenz\u00f3 a trabajar en la oficina en 2018.<\/p><p>Siempre con una sonrisa y su estilo elegante Margarita es la primera persona que lo atender\u00e1 si nos llama por tel\u00e9fono o cuando visita nuestra oficina. Los dias siempre se pasan m\u00e1s r\u00e1pido con las historias y buen humor de Margarita.<\/p><p>Como recepcionista y asistente Margarita programa las citas y maneja el calendario de la abogada. Margarita tambien ayuda a tomar huellas del FBI y FOIAs, traduce documentos y transmite informaci\u00f3n de importancia a nuestros clientes. Margarita maneja estrategias creativas y de desarrollo. Por medio de su iniciativa hemos aumentado la productividad.<\/p><p>Margarita vivi\u00f3 personalmente lo dif\u00edcil que es adaptarse a un nuevo pa\u00eds sin saber el idioma. Margarita posee la experiencia profesional y personal para entender y ayudar a nuestros clientes. Margarita es la Chef de desayuno de la oficina, a diario comparte deliciosos buritos, chilaquiles y nuevas recetas para que todos podamos comenzar bien el dia con un delicioso desayuno.\u00a0<\/p>\t\t\t\t\t\t\t\t<\/div>\n\t\t\t\t<\/div>\n\t\t\t\t<\/div>\n\t\t\t\t<\/div>\n\t\t<div class=\"elementor-element elementor-element-895fd78 e-con-full e-flex e-con e-child\" data-id=\"895fd78\" data-element_type=\"container\" data-e-type=\"container\" data-settings=\"{&quot;background_background&quot;:&quot;classic&quot;}\">\n\t\t<div class=\"elementor-element elementor-element-3d73092 e-con-full e-flex e-con e-child\" data-id=\"3d73092\" data-element_type=\"container\" data-e-type=\"container\">\n\t\t\t\t<\/div>\n\t\t<div class=\"elementor-element elementor-element-d7459ec e-con-full e-flex e-con e-child\" data-id=\"d7459ec\" data-element_type=\"container\" data-e-type=\"container\">\n\t\t\t\t<div class=\"elementor-element elementor-element-eab6480 elementor-widget elementor-widget-heading\" data-id=\"eab6480\" data-element_type=\"widget\" data-e-type=\"widget\" data-widget_type=\"heading.default\">\n\t\t\t\t<div class=\"elementor-widget-container\">\n\t\t\t\t\t<h3 class=\"elementor-heading-title elementor-size-default\">Jasmin<\/h3>\t\t\t\t<\/div>\n\t\t\t\t<\/div>\n\t\t\t\t<div class=\"elementor-element elementor-element-701f709 elementor-widget elementor-widget-heading\" data-id=\"701f709\" data-element_type=\"widget\" data-e-type=\"widget\" data-widget_type=\"heading.default\">\n\t\t\t\t<div class=\"elementor-widget-container\">\n\t\t\t\t\t<h3 class=\"elementor-heading-title elementor-size-medium\">Office Assistant \/ \u200bAsistente de oficina\n<\/h3>\t\t\t\t<\/div>\n\t\t\t\t<\/div>\n\t\t\t\t<\/div>\n\t\t\t\t<\/div>\n\t\t<div class=\"elementor-element elementor-element-9836ad7 e-con-full e-flex e-con e-child\" data-id=\"9836ad7\" data-element_type=\"container\" data-e-type=\"container\" data-settings=\"{&quot;background_background&quot;:&quot;classic&quot;}\">\n\t\t<div class=\"elementor-element elementor-element-7d8e463 e-con-full e-flex e-con e-child\" data-id=\"7d8e463\" data-element_type=\"container\" data-e-type=\"container\">\n\t\t\t\t<\/div>\n\t\t<div class=\"elementor-element elementor-element-51ecef6 e-con-full e-flex e-con e-child\" data-id=\"51ecef6\" data-element_type=\"container\" data-e-type=\"container\">\n\t\t\t\t<div class=\"elementor-element elementor-element-6396969 elementor-widget elementor-widget-heading\" data-id=\"6396969\" data-element_type=\"widget\" data-e-type=\"widget\" data-widget_type=\"heading.default\">\n\t\t\t\t<div class=\"elementor-widget-container\">\n\t\t\t\t\t<h3 class=\"elementor-heading-title elementor-size-default\">Carla<\/h3>\t\t\t\t<\/div>\n\t\t\t\t<\/div>\n\t\t\t\t<div class=\"elementor-element elementor-element-e0d659a elementor-widget elementor-widget-heading\" data-id=\"e0d659a\" data-element_type=\"widget\" data-e-type=\"widget\" data-widget_type=\"heading.default\">\n\t\t\t\t<div class=\"elementor-widget-container\">\n\t\t\t\t\t<h3 class=\"elementor-heading-title elementor-size-medium\">Office Assistant \/ \u200bAsistente de oficina\n<\/h3>\t\t\t\t<\/div>\n\t\t\t\t<\/div>\n\t\t\t\t<\/div>\n\t\t\t\t<\/div>\n\t\t\t\t\t<\/div>\n\t\t\t\t<\/div>\n\t\t\t\t<\/div>","protected":false},"excerpt":{"rendered":"<p>La oficina de la Abogada Magnolia Z\u00e1rraga fue fundada en el a\u00f1o 2008 con la misi\u00f3n de ayudar a la comunidad ofreciendo servicios legales de inmigraci\u00f3n de calidad. Nuestro equipo profesional est\u00e1 capacitado para ayudarle en cualquier asunto de inmigraci\u00f3n. Todo el personal es biling\u00fce, hablamos ingl\u00e9s y espa\u00f1ol con flu\u00eddez. Trabajamos con la meta [&hellip;]<\/p>\n","protected":false},"author":2,"featured_media":0,"parent":0,"menu_order":0,"comment_status":"closed","ping_status":"closed","template":"","meta":{"footnotes":""},"class_list":["post-9","page","type-page","status-publish","hentry"],"_links":{"self":[{"href":"https:\/\/zarragalaw.com\/es\/wp-json\/wp\/v2\/pages\/9","targetHints":{"allow":["GET"]}}],"collection":[{"href":"https:\/\/zarragalaw.com\/es\/wp-json\/wp\/v2\/pages"}],"about":[{"href":"https:\/\/zarragalaw.com\/es\/wp-json\/wp\/v2\/types\/page"}],"author":[{"embeddable":true,"href":"https:\/\/zarragalaw.com\/es\/wp-json\/wp\/v2\/users\/2"}],"replies":[{"embeddable":true,"href":"https:\/\/zarragalaw.com\/es\/wp-json\/wp\/v2\/comments?post=9"}],"version-history":[{"count":8,"href":"https:\/\/zarragalaw.com\/es\/wp-json\/wp\/v2\/pages\/9\/revisions"}],"predecessor-version":[{"id":600,"href":"https:\/\/zarragalaw.com\/es\/wp-json\/wp\/v2\/pages\/9\/revisions\/600"}],"wp:attachment":[{"href":"https:\/\/zarragalaw.com\/es\/wp-json\/wp\/v2\/media?parent=9"}],"curies":[{"name":"wp","href":"https:\/\/api.w.org\/{rel}","templated":true}]}}